{"id":40,"date":"2015-10-09T13:39:41","date_gmt":"2015-10-09T12:39:41","guid":{"rendered":"http:\/\/sixiemeson-ds.com\/fr\/?page_id=40"},"modified":"2025-05-22T15:44:49","modified_gmt":"2025-05-22T14:44:49","slug":"faq","status":"publish","type":"page","link":"https:\/\/ds.sixiemeson.com\/fr\/faq\/","title":{"rendered":"FAQ"},"content":{"rendered":"<\/section><header class=\"pageHead \"><div class=\"pageInner\"><\/p>\n<h1>Une <strong>question<\/strong> ?<br \/>\nBesoin d&rsquo;<strong>aide<\/strong> ?<\/h1>\n<p>Vous\u00a0trouverez ici les r\u00e9ponses aux principales questions que vous pourrez vous poser pour la commande et l&rsquo;installation de votre player.<\/p>\n<p><\/div><\/header><section class=\"pageInner\">\n<\/section><div class=\"pagePart grey \"><section class=\"pageInner\"><\/p>\n<h2><span style=\"color: #000;\">Installer le player<\/span><\/h2>\n<p>&nbsp;<\/p>\n<p><ul id=\"\" class=\"columns \"><\/p>\n<p><li class=\"\"><\/p>\n<p style=\"text-align: justify;\">Pour installer votre player, t\u00e9l\u00e9chargez ci-contre le guide d\u2019installation sur lequel vous retrouverez toutes les r\u00e9ponses relatives \u00e0 cette \u00e9tape.<\/p>\n<p><\/li><\/p>\n<p><li class=\"\"><\/p>\n<p style=\"text-align: center;\"><a href=\"http:\/\/ds.sixiemeson.com\/wp-content\/uploads\/2017\/12\/2017_DS_Guide-dinstallation-FR.pdf\" class=\"button goBlue  medium \">T\u00e9l\u00e9charger le guide<i class=\"pGo\"><\/i><\/a><\/p>\n<p><\/li><\/p>\n<p><\/ul><div class=\"clear\"><\/div><\/p>\n<p><div class=\"clear\"><\/div><\/section><\/div><section class=\"pageInner\">\n<\/section><div class=\"pagePart whiteBg \"><section class=\"pageInner\"><\/p>\n<h3><strong>AVANT LA R\u00c9CEPTION DE MON PLAYER<\/strong><\/h3>\n<p><ul class=\"accordion multi\"><\/p>\n<p><li class=\"spoiler\"><a class=\"head\" href=\"javascript:;\"><i><\/i><span class=\"title\"><strong>Quels sont les pr\u00e9requis pour b\u00e9n\u00e9ficier du programme de sonorisation ?<\/strong><\/span><\/a><div class=\"spoilerContent\"><\/p>\n<p>Avant de vous inscrire au programme de sonorisation, veillez \u00e0 bien remplir les 3 pr\u00e9requis suivants :<\/p>\n<ul>\n<li>Disposer d\u2019un syst\u00e8me de sonorisation existant permettant de diffuser un flux audio analogique (ampli ou chaine hi-fi + enceintes), \u00e0 proximit\u00e9 d\u2019un acc\u00e8s Internet. Si vous ne disposez pas encore d\u2019un syst\u00e8me de sonorisation dans votre DS Store, merci de consulter nos recommandations\u00a0;<\/li>\n<li>Disposer d\u2019un acc\u00e8s r\u00e9seau internet sortant permettant au player de pouvoir synchroniser le contenu musical de mani\u00e8re r\u00e9guli\u00e8re. Autorisation du port sortant 443\/tcp ;<\/li>\n<li>V\u00e9rifiez \u00e9galement aupr\u00e8s de votre responsable informatique que l\u2019\u00e9quipement a bien acc\u00e8s \u00e0 internet et notamment aux adresses suivantes : <a href=\"http:\/\/dsmusic.carlipa.online\" target=\"_blank\" rel=\"noopener\">http:\/\/dsmusic.carlipa.online<\/a> et <a href=\"http:\/\/vpn.dsmusic.carlipa.online\" target=\"_blank\" rel=\"noopener\">http:\/\/vpn.dsmusic.carlipa.online<\/a><\/li>\n<\/ul>\n<p>Lors de votre inscription en ligne vous devrez indiquer le mode d\u2019adressage sur le r\u00e9seau de ce futur player. Pour cela consulter la rubrique suivante.<\/p>\n<p>\n<\/div><\/li><\/p>\n<p><li class=\"spoiler\"><a class=\"head\" href=\"javascript:;\"><i><\/i><span class=\"title\"><strong>Comment conna\u00eetre l\u2019adresse IP du player pour inscrire en ligne mon DS Store ?<\/strong><\/span><\/a><div class=\"spoilerContent\"><\/p>\n<p>Dans tous les cas il est pr\u00e9f\u00e9rable de vous tourner vers votre responsable informatique ou votre \u00e9lectricien en charge de l\u2019installation internet afin de conna\u00eetre votre mode d\u2019adressage.<strong>\u00a0<\/strong><\/p>\n<p>Deux cas de figures sont possibles :<\/p>\n<ul>\n<li>Si l\u2019adressage est dynamique \u2013 DHCP \u2013 rien n\u2019est \u00e0 fournir pour le param\u00e9trage du player.<\/li>\n<li>Si l\u2019adresse IP est statique, votre responsable informatique ou votre \u00e9lectricien doit pouvoir vous fournir ces informations\u00a0;<\/li>\n<\/ul>\n<p>Saisissez alors les informations suivantes\u00a0:<\/p>\n<ul>\n<li>L\u2019adresse IP \u00e0 utiliser\u00a0;<\/li>\n<li>Le masque de sous-r\u00e9seau\u00a0;<\/li>\n<li>L\u2019adresse de la passerelle<\/li>\n<li>L\u2019adresse de DNS<\/li>\n<\/ul>\n<p>\n<\/div><\/li><\/p>\n<p><li class=\"spoiler\"><a class=\"head\" href=\"javascript:;\"><i><\/i><span class=\"title\"><strong>Recommandations pour choisir le syst\u00e8me de sonorisation pour mon DS Store<\/strong><\/span><\/a><div class=\"spoilerContent\"><\/p>\n<p>Vous \u00eates encore en travaux ? Vous n\u2019avez pas encore install\u00e9 d\u2019enceintes au sein de votre DS Store ?<\/p>\n<h3><strong>Le choix des enceintes<\/strong><\/h3>\n<p>Le choix des enceintes est primordial pour une sonorisation optimale et un confort d\u2019\u00e9coute aussi bien pour vous que pour vos clients. Un bon syst\u00e8me de sonorisation rendra la visite encore plus agr\u00e9able et incitera le client \u00e0 rester. Il est pr\u00e9f\u00e9rable de ne pas acheter les premiers prix, mais il n\u2019est pas non plus n\u00e9cessaire d\u2019acheter des enceintes dites \u00ab audiophiles \u00bb.<\/p>\n<p>Voici donc quelques mod\u00e8les que nous pouvons vous proposer dans des gammes diff\u00e9rentes, et qui ont un rapport qualit\u00e9-prix int\u00e9ressant :<\/p>\n<ul>\n<li>Dans l\u2019id\u00e9al, les enceintes Focal IC 706 V blanches, pour un prix de 229\u20ac,<\/li>\n<li>Pour un budget plus modeste, les enceintes Focal IC 108 T blanches, pour un prix de 119\u20ac,<\/li>\n<li>Pour une version noire ou blanche, les enceintes Bose DS 16 F, pour un prix de 139\u20ac.<\/li>\n<\/ul>\n<h3><strong>L\u2019emplacement des enceintes<\/strong><\/h3>\n<p>Pour ce qui est de leur emplacement et du nombre d\u2019enceintes, cela d\u00e9pend de nombreux param\u00e8tres et notamment :<\/p>\n<ul>\n<li>La superficie \u00e0 couvrir,<\/li>\n<li>La hauteur sous plafond,<\/li>\n<li>Le rev\u00eatement des murs, sols et plafonds.<\/li>\n<\/ul>\n<p>Etant donn\u00e9 que chaque point de vente est diff\u00e9rent, voici les r\u00e8gles que nous pouvons pr\u00e9coniser pour l\u2019implantation de ces enceintes :<\/p>\n<ul>\n<li>Les enceintes doivent \u00eatre plac\u00e9es id\u00e9alement tous les 5 m\u00e8tres, au grand maximum tous les 10 m\u00e8tres. Cela pour couvrir au mieux la surface, et ne pas \u00eatre contraint de monter le volume pour compenser une trop faible densit\u00e9 d\u2019enceintes.<\/li>\n<li>Plus la hauteur sous plafond est basse, plus il faut d\u2019enceintes (les enceintes doivent \u00eatre plus rapproch\u00e9es). Cela peut para\u00eetre contradictoire, mais s\u2019explique par le fait que le rayonnement de l\u2019enceinte \u00e9tant fixe, plus elle est plac\u00e9e haut, plus elle peut rayonner et donc couvrir une plus large surface.<\/li>\n<li>Par cons\u00e9quent, plus la hauteur sous plafond est importante, plus la distance entre les enceintes peut \u00eatre grande.<\/li>\n<\/ul>\n<h3><strong>Le choix de l\u2019ampli<\/strong><\/h3>\n<p>Le choix de l\u2019ampli audio est tout aussi important, m\u00eame s\u2019il ne sert que d\u2019interm\u00e9diaire entre le player et les enceintes.<\/p>\n<p>Voici un exemple de mod\u00e8le d\u2019ampli audio qui pr\u00e9sente un bon rapport qualit\u00e9-prix, le TOA S\u00e9rie A \u2013 1800, pour un prix de 319\u20ac.<\/p>\n<p>Ces amplificateurs m\u00e9langeurs multifonctions sont tout sp\u00e9cialement \u00e9tudi\u00e9s pour apporter une solution polyvalente optimale et \u00e9conomique. Les performances en font un \u00e9quipement id\u00e9al pour tous les besoins de sonorisation de lieux.<\/p>\n<p>Cet amplificateur vous permettra \u00e9galement de brancher micros ou autres \u00e9quipements que peuvent n\u00e9cessiter l\u2019organisation d\u2019un \u00e9v\u00e8nement promotionnel par exemple.<\/p>\n<\/div><\/li><\/p>\n<p><\/ul><\/p>\n<h3><strong>PENDANT L\u2019INSCRIPTION EN LIGNE<\/strong><\/h3>\n<p><ul class=\"accordion multi\"><\/p>\n<p><li class=\"spoiler\"><a class=\"head\" href=\"javascript:;\"><i><\/i><span class=\"title\"><strong>Je n\u2019ai pas re\u00e7u de mail de confirmation et\/ou de devis, que dois-je faire ?<\/strong><\/span><\/a><div class=\"spoilerContent\"><\/p>\n<p>Si vous vous \u00eates inscrits il y a quelques heures, pas de panique\u00a0! Un peu de patience, vous allez recevoir un premier mail de confirmation sous 24 heures, puis un second comprenant votre devis\u00a0sous 48 heures suivant votre inscription en ligne.<\/p>\n<p>Si vous n\u2019avez pas re\u00e7u le mail de confirmation sous 24 heures, merci d\u2019envoyer \u00e0 nouveau le formulaire en ligne.<\/p>\n<p>Si la page de confirmation s\u2019est bien affich\u00e9e \u00e0 l\u2019\u00e9cran apr\u00e8s avoir compl\u00e9t\u00e9 le formulaire, et que vous n\u2019avez pas re\u00e7u de mail de confirmation et\/ou de devis\u00a0dans les 48 heures suivant votre inscription, envoyez-nous un mail \u00e0 l\u2019adresse <a href=\"mailto:ds@sixiemeson.com\">ds@sixiemeson.com<\/a> et nous r\u00e9soudrons le probl\u00e8me ensemble<\/p>\n<p>\n<\/div><\/li><\/p>\n<p><\/ul><\/p>\n<h3><strong>A R\u00c9CEPTION DU PLAYER<\/strong><\/h3>\n<p><ul class=\"accordion multi\"><\/p>\n<p><li class=\"spoiler\"><a class=\"head\" href=\"javascript:;\"><i><\/i><span class=\"title\"><strong>O\u00f9 installer le player dans mon DS Store ?<\/strong><\/span><\/a><div class=\"spoilerContent\"><\/p>\n<p>Afin de pouvoir diffuser les contenus dans votre DS Store, le player doit \u00eatre install\u00e9 \u00e0 proximit\u00e9 :<\/p>\n<ul>\n<li>De l&rsquo;ampli audio, accessible par le responsable du site pour pouvoir \u00e9teindre \/ allumer la musique lors de l\u2019ouverture et la fermeture du DS Store ;<\/li>\n<li>D&rsquo;une prise RJ45 murale ou d&rsquo;un branchement RJ45 directement sur le routeur (en fonction de votre installation), permettant d\u2019acc\u00e9der au r\u00e9seau internet du site ;<\/li>\n<li>D&rsquo;une prise secteur (alimentation \u00e9lectrique), de 220 V.<\/li>\n<\/ul>\n<p>Vous pouvez consulter le sch\u00e9ma illustr\u00e9 se trouvant dans le guide d\u2019installation fourni dans le colis de livraison du player afin d\u2019obtenir des indications suppl\u00e9mentaires sur l\u2019emplacement du player au sein du DS Store. <\/p>\n<\/div><\/li><\/p>\n<p><li class=\"spoiler\"><a class=\"head\" href=\"javascript:;\"><i><\/i><span class=\"title\"><strong>Je n\u2019ai pas r\u00e9ussi \u00e0 installer le player, que faire ?<\/strong><\/span><\/a><div class=\"spoilerContent\"><\/p>\n<p>Si vous rencontrez un probl\u00e8me auquel vous n\u2019avez pas trouv\u00e9 de solution dans les FAQ de ce guide, envoyez-nous un mail \u00e0 l\u2019adresse <a href=\"mailto:dsupport@carlipa.com\">support@carlipa.com<\/a> et nous vous r\u00e9pondrons dans les 48 heures.<\/p>\n<p>\n<\/div><\/li><\/p>\n<p><li class=\"spoiler\"><a class=\"head\" href=\"javascript:;\"><i><\/i><span class=\"title\"><strong>Je n\u2019ai pas\/plus de son dans mon DS Store, que dois-je faire ?<\/strong><\/span><\/a><div class=\"spoilerContent\"><\/p>\n<p>Il est possible de v\u00e9rifier que du son sort bien du player audio : pour cela, branchez un casque audio (via une prise jack 3,5) \u00e0 l\u2019entr\u00e9e pr\u00e9sente en fa\u00e7ade de l\u2019\u00e9quipement.<\/p>\n<p><img decoding=\"async\" class=\"alignnone size-full wp-image-124\" src=\"http:\/\/ds.sixiemeson.com\/wp-content\/uploads\/2017\/12\/DS_Player-jack.jpg\" alt=\"\" \/><\/p>\n<p>Si du son est perceptible, cela signifie alors\u00a0que\u00a0le player est fonctionnel et que le probl\u00e8me vient du syst\u00e8me de sonorisation : v\u00e9rifiez alors les branchements, le choix de la source (AUX, Tuner, CD) s\u00e9lectionn\u00e9 sur l\u2019amplificateur et enfin le volume sonore de celui-ci.<\/p>\n<p>Si le probl\u00e8me persiste, consultez votre \u00e9lectricien pour intervenir sur l\u2019installation audio.<\/p>\n<p>Si aucun son ne sort du player\u00a0:<\/p>\n<ul>\n<li>V\u00e9rifiez que la prise alimentation du player est correctement branch\u00e9e et qu\u2019il est connect\u00e9 (diode bleue). Si ce n\u2019est pas le cas, proc\u00e9dez au branchement du player\u00a0;<\/li>\n<li>V\u00e9rifiez que vous \u00eates bien dans les plages horaires d\u2019\u00e9coute de la playlist car en dehors de celle-ci, le player ne diffuse rien ;<\/li>\n<\/ul>\n<p>\n<\/div><\/li><\/p>\n<p><li class=\"spoiler\"><a class=\"head\" href=\"javascript:;\"><i><\/i><span class=\"title\"><strong>Comment consulter l\u2019\u00e9tat de fonctionnement du player ?<\/strong><\/span><\/a><div class=\"spoilerContent\"><\/p>\n<p>En cas de difficult\u00e9s persistantes et sur demande du support technique, il est possible de se connecter au player pour voir son \u00e9tat de fonctionnement et effectuer quelques manipulations.<\/p>\n<p>Ce type d\u2019intervention doit \u00eatre exceptionnel, le syst\u00e8me \u00e9tant pr\u00e9vu pour fonctionner de mani\u00e8re totalement automatique. Il est donc important d\u2019effectuer ces op\u00e9rations avec l\u2019assistance de votre contact chez Sixi\u00e8me Son.<\/p>\n<p>Pour acc\u00e9der \u00e0 l\u2019\u00e9quipement, il vous suffit de brancher un \u00e9cran sur les entr\u00e9es VGA ou HDMI de l\u2019\u00e9quipement audio.<\/p>\n<p>\n<\/div><\/li><\/p>\n<p><li class=\"spoiler\"><a class=\"head\" href=\"javascript:;\"><i><\/i><span class=\"title\"><strong>J\u2019ai besoin de conna\u00eetre l\u2019adresse IP de mon player, o\u00f9 et comment la r\u00e9cup\u00e9rer ?<\/strong><\/span><\/a><div class=\"spoilerContent\"><\/p>\n<p>En cas de difficult\u00e9s persistantes et sur demande du support technique, il est possible de se connecter<br \/>\nau player pour voir son \u00e9tat de fonctionnement et effectuer quelques manipulations.<\/p>\n<p>Ce type d\u2019intervention doit \u00eatre exceptionnel, le syst\u00e8me \u00e9tant pr\u00e9vu pour fonctionner de mani\u00e8re totalement automatique. Il est donc important d\u2019effectuer ces op\u00e9rations avec l\u2019assistance de votre contact chez Sixi\u00e8me Son.<\/p>\n<p>Pour acc\u00e9der \u00e0 l\u2019\u00e9quipement, il vous suffit de brancher un \u00e9cran sur les entr\u00e9es VGA ou HDMI de l\u2019\u00e9quipement audio.<\/p>\n<p>Si l\u2019\u00e9quipement dispose d\u2019une adresse IP statique d\u00e9finie par votre service informatique, puis communiqu\u00e9e au moment de l\u2019inscription en ligne, celle-ci a \u00e9t\u00e9 param\u00e9tr\u00e9e dans l\u2019\u00e9quipement avant son envoi. L\u2019adresse est alors indiqu\u00e9e sur l\u2019\u00e9tiquette coll\u00e9e sur l\u2019\u00e9quipement audio.<\/p>\n<p>Si l\u2019\u00e9quipement dispose d\u2019une adresse IP dynamique (c\u2019est \u00e0 dire qui n\u2019est pas fixe), dans ce cas, a priori vous ne connaissez pas l\u2019adresse attribu\u00e9e. Il est toutefois possible de la retrouver, sans demander \u00e0 un responsable informatique. Pour cela, suivez les instructions suivantes :<\/p>\n<ul>\n<li>Les adresses IP s\u2019affichent sur l\u2019\u00e9cran comme sur la capture ci-dessous\u00a0: (le format de l\u2019adresse correspond \u00e0 4 nombres -ou chiffre seul- s\u00e9par\u00e9s par des points).<\/li>\n<\/ul>\n<p><img decoding=\"async\" class=\"alignnone size-full wp-image-124\" src=\"http:\/\/ds.sixiemeson.com\/wp-content\/uploads\/2017\/12\/DS_IP-Adress.jpg\" alt=\"\" \/><\/p>\n<p>\n<\/div><\/li><\/p>\n<p><li class=\"spoiler\"><a class=\"head\" href=\"javascript:;\"><i><\/i><span class=\"title\"><strong>Mon player ne semble plus fonctionner ou pr\u00e9sente des signes de dysfonctionnement. Comment forcer la synchronisation du contenu du player ?<\/strong><\/span><\/a><div class=\"spoilerContent\"><\/p>\n<p>Pour forcer la synchronisation du contenu et d\u00e9bloquer une situation de non fonctionnement du player, il peut \u00eatre utile de le \u00ab relancer \u00bb en d\u00e9branchant l\u2019alimentation \u00e9lectrique pendant 10s avant de la rebrancher.<\/p>\n<p><img decoding=\"async\" class=\"alignnone size-full wp-image-128\" src=\"http:\/\/ds.sixiemeson.com\/wp-content\/uploads\/2017\/12\/DS_Player_AC.jpg\" alt=\"\" \/><\/p>\n<p>\n<\/div><\/li><\/p>\n<p><li class=\"spoiler\"><a class=\"head\" href=\"javascript:;\"><i><\/i><span class=\"title\"><strong>Le contenu de mon player ne se met pas \u00e0 jour, que faire ?<\/strong><\/span><\/a><div class=\"spoilerContent\"><\/p>\n<p>Le boitier utilise l\u2019acc\u00e8s internet mis en place pour acc\u00e9der au serveur de contenu musical DS (dsmusic. carlipa.online).\u00a0 Si le contenu musical de votre player ne s\u2019est pas mis \u00e0 jour, proc\u00e9dez aux op\u00e9rations suivantes :<\/p>\n<ul>\n<li>Suivez la proc\u00e9dure \u00ab Comment forcer la synchronisation du contenu \u00bb. Attendre \u00bd journ\u00e9e, afin de laisser le temps \u00e0 l\u2019\u00e9quipement de se synchroniser.<\/li>\n<li>Si au bout de ce d\u00e9lai, rien ne se passe, cela signifie que l\u2019\u00e9quipement n\u2019a manifestement pas pu contacter le serveur musical DS, et donc qu\u2019il n\u2019a pas acc\u00e8s \u00e0 internet. Dans ce cas, v\u00e9rifiez aupr\u00e8s de votre responsable informatique que l\u2019\u00e9quipement a bien acc\u00e8s \u00e0 internet et notamment aux adresses suivantes : <a href=\"http:\/\/dsmusic.carlipa.online\" target=\"_blank\" rel=\"noopener\">http:\/\/dsmusic.carlipa.online<\/a> et <a href=\"http:\/\/vpn.dsmusic.carlipa.online\" target=\"_blank\" rel=\"noopener\">http:\/\/vpn.dsmusic.carlipa.online<\/a>.<\/li>\n<\/ul>\n<p>\n<\/div><\/li><\/p>\n<p><\/ul><\/p>\n<h3><strong>QUESTIONS D\u2019ORDRE JURIDIQUE<\/strong><\/h3>\n<p><ul class=\"accordion multi\"><\/p>\n<p><li class=\"spoiler\"><a class=\"head\" href=\"javascript:;\"><i><\/i><span class=\"title\"><strong>Tous les droits sont-ils inclus dans le co\u00fbt de l\u2019abonnement annuel ?<\/strong><\/span><\/a><div class=\"spoilerContent\"><\/p>\n<p>Les droits relatifs \u00e0 la mise en place du syst\u00e8me (droits de reproduction) sont inclus dans l\u2019abonnement mensuel.<br \/>\nEn revanche, chaque DS Store doit proc\u00e9der \u00e0 l\u2019ensemble des d\u00e9marches administratives concernant la diffusion de musique sur son lieu de vente (aupr\u00e8s de la SACEM), qui seront n\u00e9cessaires du fait de la sonorisation. La SACEM facturera les droits SACEM et SPRE (Soci\u00e9t\u00e9 pour la Perception de la R\u00e9mun\u00e9ration \u00c9quitable) vous permettant de diffuser en toute l\u00e9galit\u00e9 les contenus musicaux qui vous seront envoy\u00e9s.<\/p>\n<\/div><\/li><\/p>\n<p><li class=\"spoiler\"><a class=\"head\" href=\"javascript:;\"><i><\/i><span class=\"title\"><strong>Comment effectuer ma d\u00e9claration aupr\u00e8s de la SACEM ?<\/strong><\/span><\/a><div class=\"spoilerContent\"><p>\nVous pouvez vous adresser \u00e0 votre d\u00e9l\u00e9gation r\u00e9gionale SACEM par t\u00e9l\u00e9phone, courrier postal ou \u00e9lectronique, en indiquant les coordonn\u00e9es de vos points de vente et la date du d\u00e9but de diffusion.<br \/>\nPour trouver l\u2019adresse de votre d\u00e9l\u00e9gation, rendez-vous sur le site <a href=\"http:\/\/www.sacem.fr\">www.sacem.fr<\/a>, onglet \u00ab r\u00e9seau r\u00e9gional \u00bb ou bien sur les pages jaunes en associant SACEM + votre r\u00e9gion ou d\u00e9partement.<\/p>\n<\/div><\/li><\/p>\n<p><\/ul><\/p>\n<p><div class=\"clear\"><\/div><\/section><\/div><section class=\"pageInner\">\n<\/section><div class=\"pagePart transp \"><section class=\"pageInner\"><\/p>\n<h2>Vous n&rsquo;avez pas trouv\u00e9 votre r\u00e9ponse ?<\/h2>\n<p>&nbsp;<\/p>\n<p><ul id=\"contact\" class=\"columns \"><\/p>\n<p><li class=\"\"><\/p>\n<p>Contactez-nous en utilisant le formulaire ci-contre. Nous vous apporterons une r\u00e9ponse sous 48h.<\/p>\n<p>&nbsp;<\/p>\n<p>&nbsp;<\/p>\n<p><img loading=\"lazy\" decoding=\"async\" class=\"alignnone size-full wp-image-90\" src=\"http:\/\/sixiemeson-ds.com\/wp-content\/uploads\/2015\/10\/contact_bg.png\" alt=\"contact_bg\" width=\"434\" height=\"64\" srcset=\"https:\/\/ds.sixiemeson.com\/wp-content\/uploads\/2015\/10\/contact_bg.png 434w, https:\/\/ds.sixiemeson.com\/wp-content\/uploads\/2015\/10\/contact_bg-300x44.png 300w\" sizes=\"auto, (max-width: 434px) 100vw, 434px\" \/><\/p>\n<p><\/li><\/p>\n<p><li class=\"\"><\/p>\n<p>\n<div class=\"wpcf7 no-js\" id=\"wpcf7-f4-o1\" lang=\"fr-FR\" dir=\"ltr\" data-wpcf7-id=\"4\">\n<div class=\"screen-reader-response\"><p role=\"status\" aria-live=\"polite\" aria-atomic=\"true\"><\/p> <ul><\/ul><\/div>\n<form action=\"\/fr\/wp-json\/wp\/v2\/pages\/40#wpcf7-f4-o1\" method=\"post\" class=\"wpcf7-form init\" aria-label=\"Formulaire de contact\" novalidate=\"novalidate\" data-status=\"init\">\n<div style=\"display: none;\">\n<input type=\"hidden\" name=\"_wpcf7\" value=\"4\" \/>\n<input type=\"hidden\" name=\"_wpcf7_version\" value=\"6.0.6\" \/>\n<input type=\"hidden\" name=\"_wpcf7_locale\" value=\"fr_FR\" \/>\n<input type=\"hidden\" name=\"_wpcf7_unit_tag\" value=\"wpcf7-f4-o1\" \/>\n<input type=\"hidden\" name=\"_wpcf7_container_post\" value=\"0\" \/>\n<input type=\"hidden\" name=\"_wpcf7_posted_data_hash\" value=\"\" \/>\n<input type=\"hidden\" name=\"_wpcf7_recaptcha_response\" value=\"\" \/>\n<\/div>\n<p><span class=\"wpcf7-form-control-wrap\" data-name=\"nom_boutique\"><input size=\"40\" maxlength=\"400\" class=\"wpcf7-form-control wpcf7-text\" aria-invalid=\"false\" placeholder=\"Nom de la boutique\" value=\"\" type=\"text\" name=\"nom_boutique\" \/><\/span><br \/>\n<span class=\"wpcf7-form-control-wrap\" data-name=\"prenom\"><input size=\"40\" maxlength=\"400\" class=\"wpcf7-form-control wpcf7-text\" aria-invalid=\"false\" placeholder=\"Pr\u00e9nom Nom\" value=\"\" type=\"text\" name=\"prenom\" \/><\/span><br \/>\n<span class=\"wpcf7-form-control-wrap\" data-name=\"email\"><input size=\"40\" maxlength=\"400\" class=\"wpcf7-form-control wpcf7-email wpcf7-text wpcf7-validates-as-email\" aria-invalid=\"false\" placeholder=\"Adresse Email\" value=\"\" type=\"email\" name=\"email\" \/><\/span><br \/>\n<span class=\"wpcf7-form-control-wrap\" data-name=\"objet\"><input size=\"40\" maxlength=\"400\" class=\"wpcf7-form-control wpcf7-text\" aria-invalid=\"false\" placeholder=\"Objet\" value=\"\" type=\"text\" name=\"objet\" \/><\/span><br \/>\n<span class=\"wpcf7-form-control-wrap\" data-name=\"message\"><textarea cols=\"40\" rows=\"10\" maxlength=\"2000\" class=\"wpcf7-form-control wpcf7-textarea\" aria-invalid=\"false\" placeholder=\"Message\" name=\"message\"><\/textarea><\/span>\n<\/p>\n<div class=\"espace30\">\n<\/div>\n\n<p><input class=\"wpcf7-form-control wpcf7-submit has-spinner\" type=\"submit\" value=\"Envoyer\" \/>\n<\/p>\n<div class=\"clear\">\n<\/div><div class=\"wpcf7-response-output\" aria-hidden=\"true\"><\/div>\n<\/form>\n<\/div>\n<\/p>\n<p><\/li><\/p>\n<p><\/ul><div class=\"clear\"><\/div><\/p>\n<p><div class=\"clear\"><\/div><\/section><\/div><section class=\"pageInner\">\n","protected":false},"excerpt":{"rendered":"","protected":false},"author":1,"featured_media":0,"parent":0,"menu_order":0,"comment_status":"closed","ping_status":"closed","template":"","meta":{"footnotes":""},"class_list":["post-40","page","type-page","status-publish","hentry"],"_links":{"self":[{"href":"https:\/\/ds.sixiemeson.com\/fr\/wp-json\/wp\/v2\/pages\/40","targetHints":{"allow":["GET"]}}],"collection":[{"href":"https:\/\/ds.sixiemeson.com\/fr\/wp-json\/wp\/v2\/pages"}],"about":[{"href":"https:\/\/ds.sixiemeson.com\/fr\/wp-json\/wp\/v2\/types\/page"}],"author":[{"embeddable":true,"href":"https:\/\/ds.sixiemeson.com\/fr\/wp-json\/wp\/v2\/users\/1"}],"replies":[{"embeddable":true,"href":"https:\/\/ds.sixiemeson.com\/fr\/wp-json\/wp\/v2\/comments?post=40"}],"version-history":[{"count":36,"href":"https:\/\/ds.sixiemeson.com\/fr\/wp-json\/wp\/v2\/pages\/40\/revisions"}],"predecessor-version":[{"id":375,"href":"https:\/\/ds.sixiemeson.com\/fr\/wp-json\/wp\/v2\/pages\/40\/revisions\/375"}],"wp:attachment":[{"href":"https:\/\/ds.sixiemeson.com\/fr\/wp-json\/wp\/v2\/media?parent=40"}],"curies":[{"name":"wp","href":"https:\/\/api.w.org\/{rel}","templated":true}]}}