{"id":38,"date":"2015-10-09T13:39:28","date_gmt":"2015-10-09T12:39:28","guid":{"rendered":"http:\/\/sixiemeson-ds.com\/fr\/?page_id=38"},"modified":"2015-10-22T09:19:57","modified_gmt":"2015-10-22T08:19:57","slug":"sabonner","status":"publish","type":"page","link":"https:\/\/ds.sixiemeson.com\/fr\/sabonner\/","title":{"rendered":"Formulaire d&rsquo;inscription"},"content":{"rendered":"<\/section><header class=\"pageHead \"><div class=\"pageInner\">\n<h1>S\u2019ABONNER ET COMMANDER LE PLAYER<\/h1>\n<p><span style=\"line-height: 1.5;\">Pour vous abonner et recevoir votre player, merci de remplir les champs suivants :<\/div><\/header><section class=\"pageInner\"><\/span><\/p>\n<\/section><div class=\"pagePart whiteBg \"><section class=\"pageInner\"><\/p>\n<p>\n<div class=\"wpcf7 no-js\" id=\"wpcf7-f8-o1\" lang=\"fr-FR\" dir=\"ltr\" data-wpcf7-id=\"8\">\n<div class=\"screen-reader-response\"><p role=\"status\" aria-live=\"polite\" aria-atomic=\"true\"><\/p> <ul><\/ul><\/div>\n<form action=\"\/fr\/wp-json\/wp\/v2\/pages\/38#wpcf7-f8-o1\" method=\"post\" class=\"wpcf7-form init\" aria-label=\"Formulaire de contact\" novalidate=\"novalidate\" data-status=\"init\">\n<div style=\"display: none;\">\n<input type=\"hidden\" name=\"_wpcf7\" value=\"8\" \/>\n<input type=\"hidden\" name=\"_wpcf7_version\" value=\"6.0.6\" \/>\n<input type=\"hidden\" name=\"_wpcf7_locale\" value=\"fr_FR\" \/>\n<input type=\"hidden\" name=\"_wpcf7_unit_tag\" value=\"wpcf7-f8-o1\" \/>\n<input type=\"hidden\" name=\"_wpcf7_container_post\" value=\"0\" \/>\n<input type=\"hidden\" name=\"_wpcf7_posted_data_hash\" value=\"\" \/>\n<input type=\"hidden\" name=\"_wpcf7_recaptcha_response\" value=\"\" \/>\n<\/div>\n<p>* Champs obligatoires\n<\/p>\n<div id=\"main_store\">\n\t<h3 class=\"green noMarginTop\"><span>Coordonn\u00e9es de votre DS Store<\/span>\n\t<\/h3>\n\t<p><span class=\"wpcf7-form-control-wrap\" data-name=\"store_raison_sociale\"><input size=\"40\" maxlength=\"400\" class=\"wpcf7-form-control wpcf7-text\" aria-invalid=\"false\" placeholder=\"Raison sociale*\" value=\"\" type=\"text\" name=\"store_raison_sociale\" \/><\/span><br \/>\n<span class=\"wpcf7-form-control-wrap\" data-name=\"store_responsable\"><input size=\"40\" maxlength=\"400\" class=\"wpcf7-form-control wpcf7-text\" aria-invalid=\"false\" placeholder=\"Pr\u00e9nom et Nom du responsable*\" value=\"\" type=\"text\" name=\"store_responsable\" \/><\/span><br \/>\n<span class=\"wpcf7-form-control-wrap\" data-name=\"store_adresse\"><input size=\"40\" maxlength=\"400\" class=\"wpcf7-form-control wpcf7-text\" aria-invalid=\"false\" placeholder=\"Adresse*\" value=\"\" type=\"text\" name=\"store_adresse\" \/><\/span><br \/>\n<span class=\"wpcf7-form-control-wrap\" data-name=\"store_complement\"><input size=\"40\" maxlength=\"400\" class=\"wpcf7-form-control wpcf7-text\" aria-invalid=\"false\" placeholder=\"Compl\u00e9ment d&#039;adresse\" value=\"\" type=\"text\" name=\"store_complement\" \/><\/span><br \/>\n<span class=\"wpcf7-form-control-wrap\" data-name=\"store_code_postal\"><input size=\"40\" maxlength=\"400\" class=\"wpcf7-form-control wpcf7-text\" aria-invalid=\"false\" placeholder=\"Code postal*\" value=\"\" type=\"text\" name=\"store_code_postal\" \/><\/span><br \/>\n<span class=\"wpcf7-form-control-wrap\" data-name=\"store_ville\"><input size=\"40\" maxlength=\"400\" class=\"wpcf7-form-control wpcf7-text\" aria-invalid=\"false\" placeholder=\"Ville*\" value=\"\" type=\"text\" name=\"store_ville\" \/><\/span><br \/>\n<span class=\"wpcf7-form-control-wrap\" data-name=\"store_pays\"><select class=\"wpcf7-form-control wpcf7-select\" aria-invalid=\"false\" name=\"store_pays\"><option value=\"France\">France<\/option><option value=\"Afrique du Sud\">Afrique du Sud<\/option><option value=\"Albanie\">Albanie<\/option><option value=\"Alg\u00e9rie\">Alg\u00e9rie<\/option><option value=\"Allemagne\">Allemagne<\/option><option value=\"Andorre\">Andorre<\/option><option value=\"Angola\">Angola<\/option><option value=\"Arabie saoudite\">Arabie saoudite<\/option><option value=\"Argentine\">Argentine<\/option><option value=\"Arm\u00e9nie\">Arm\u00e9nie<\/option><option value=\"Australie\">Australie<\/option><option value=\"Autriche\">Autriche<\/option><option value=\"Azerba\u00efdjan\">Azerba\u00efdjan<\/option><option value=\"Bahamas\">Bahamas<\/option><option value=\"Bahre\u00efn\">Bahre\u00efn<\/option><option value=\"Belgique\">Belgique<\/option><option value=\"Bi\u00e9lorussie\">Bi\u00e9lorussie<\/option><option value=\"Birmanie\">Birmanie<\/option><option value=\"Bosnie-Herz\u00e9govine\">Bosnie-Herz\u00e9govine<\/option><option value=\"Br\u00e9sil\">Br\u00e9sil<\/option><option value=\"Bulgarie\">Bulgarie<\/option><option value=\"Canada\">Canada<\/option><option value=\"Chili\">Chili<\/option><option value=\"Chine (R\u00e9publique populaire de Chine)\">Chine (R\u00e9publique populaire de Chine)<\/option><option value=\"Chypre\">Chypre<\/option><option value=\"Colombie\">Colombie<\/option><option value=\"Cor\u00e9e du Nord\">Cor\u00e9e du Nord<\/option><option value=\"Cor\u00e9e du Sud\">Cor\u00e9e du Sud<\/option><option value=\"Costa Rica\">Costa Rica<\/option><option value=\"C\u00f4te d&#039;Ivoire\">C\u00f4te d&#039;Ivoire<\/option><option value=\"Croatie\">Croatie<\/option><option value=\"Cuba\">Cuba<\/option><option value=\"Danemark\">Danemark<\/option><option value=\"Djibouti\">Djibouti<\/option><option value=\"\u00c9gypte\">\u00c9gypte<\/option><option value=\"\u00c9mirats arabes unis\">\u00c9mirats arabes unis<\/option><option value=\"\u00c9quateur\">\u00c9quateur<\/option><option value=\"Espagne\">Espagne<\/option><option value=\"Estonie\">Estonie<\/option><option value=\"\u00c9tats-Unis\">\u00c9tats-Unis<\/option><option value=\"Finlande\">Finlande<\/option><option value=\"Gabon\">Gabon<\/option><option value=\"G\u00e9orgie\">G\u00e9orgie<\/option><option value=\"Ghana\">Ghana<\/option><option value=\"Gr\u00e8ce\">Gr\u00e8ce<\/option><option value=\"Guadeloupe\">Guadeloupe<\/option><option value=\"Guatemala\">Guatemala<\/option><option value=\"Guyane\">Guyane<\/option><option value=\"Honduras\">Honduras<\/option><option value=\"Hong Kong\">Hong Kong<\/option><option value=\"Hongrie\">Hongrie<\/option><option value=\"Inde\">Inde<\/option><option value=\"Indon\u00e9sie\">Indon\u00e9sie<\/option><option value=\"Iran\">Iran<\/option><option value=\"Irlande\">Irlande<\/option><option value=\"Islande\">Islande<\/option><option value=\"Isra\u00ebl\">Isra\u00ebl<\/option><option value=\"Italie\">Italie<\/option><option value=\"Japon\">Japon<\/option><option value=\"Jordanie\">Jordanie<\/option><option value=\"La R\u00e9union\">La R\u00e9union<\/option><option value=\"Lettonie\">Lettonie<\/option><option value=\"Liban\">Liban<\/option><option value=\"Libye\">Libye<\/option><option value=\"Liechtenstein\">Liechtenstein<\/option><option value=\"Lituanie\">Lituanie<\/option><option value=\"Luxembourg\">Luxembourg<\/option><option value=\"Macao\">Macao<\/option><option value=\"Mac\u00e9doine\">Mac\u00e9doine<\/option><option value=\"Madagascar\">Madagascar<\/option><option value=\"Malaisie\">Malaisie<\/option><option value=\"Malte\">Malte<\/option><option value=\"Maroc\">Maroc<\/option><option value=\"Martinique\">Martinique<\/option><option value=\"Maurice\">Maurice<\/option><option value=\"Mauritanie\">Mauritanie<\/option><option value=\"Mayotte\">Mayotte<\/option><option value=\"Mexique\">Mexique<\/option><option value=\"Moldavie\">Moldavie<\/option><option value=\"Monaco\">Monaco<\/option><option value=\"Mont\u00e9n\u00e9gro\">Mont\u00e9n\u00e9gro<\/option><option value=\"Norv\u00e8ge\">Norv\u00e8ge<\/option><option value=\"Nouvelle-Cal\u00e9donie\">Nouvelle-Cal\u00e9donie<\/option><option value=\"Nouvelle-Z\u00e9lande\">Nouvelle-Z\u00e9lande<\/option><option value=\"Oman\">Oman<\/option><option value=\"Palestine (r\u00e9serv\u00e9)\">Palestine (r\u00e9serv\u00e9)<\/option><option value=\"Panama\">Panama<\/option><option value=\"Paraguay\">Paraguay<\/option><option value=\"Pays-Bas\">Pays-Bas<\/option><option value=\"Pologne\">Pologne<\/option><option value=\"Portugal\">Portugal<\/option><option value=\"Qatar\">Qatar<\/option><option value=\"R\u00e9publique dominicaine\">R\u00e9publique dominicaine<\/option><option value=\"R\u00e9publique tch\u00e8que\">R\u00e9publique tch\u00e8que<\/option><option value=\"Roumanie\">Roumanie<\/option><option value=\"Royaume-Uni\">Royaume-Uni<\/option><option value=\"Russie\">Russie<\/option><option value=\"S\u00e9n\u00e9gal\">S\u00e9n\u00e9gal<\/option><option value=\"Serbie\">Serbie<\/option><option value=\"Singapour\">Singapour<\/option><option value=\"Slovaquie\">Slovaquie<\/option><option value=\"Slov\u00e9nie\">Slov\u00e9nie<\/option><option value=\"Su\u00e8de\">Su\u00e8de<\/option><option value=\"Suisse\">Suisse<\/option><option value=\"Ta\u00efwan (R\u00e9publique de Chine)\">Ta\u00efwan (R\u00e9publique de Chine)<\/option><option value=\"Tha\u00eflande\">Tha\u00eflande<\/option><option value=\"Tunisie\">Tunisie<\/option><option value=\"Turkm\u00e9nistan\">Turkm\u00e9nistan<\/option><option value=\"Turquie\">Turquie<\/option><option value=\"Ukraine\">Ukraine<\/option><option value=\"Uruguay\">Uruguay<\/option><option value=\"Venezuela\">Venezuela<\/option><option value=\"Vi\u00eat Nam\">Vi\u00eat Nam<\/option><option value=\"Y\u00e9men\">Y\u00e9men<\/option><option value=\"Zimbabwe\">Zimbabwe<\/option><\/select><\/span>\n\t<\/p>\n\t<div class=\"store_siret\">\n\t\t<h4>Num\u00e9ro SIRET\n\t\t<\/h4>\n\t\t<p><span class=\"wpcf7-form-control-wrap\" data-name=\"siret_siren\"><input size=\"40\" maxlength=\"400\" class=\"wpcf7-form-control wpcf7-text\" id=\"siret_siren\" aria-invalid=\"false\" placeholder=\"Num\u00e9ro SIREN*\" value=\"\" type=\"text\" name=\"siret_siren\" \/><\/span><br \/>\n<span class=\"wpcf7-form-control-wrap\" data-name=\"siret_nic\"><input size=\"40\" maxlength=\"400\" class=\"wpcf7-form-control wpcf7-text\" id=\"siret_nic\" aria-invalid=\"false\" placeholder=\"Num\u00e9ro NIC*\" value=\"\" type=\"text\" name=\"siret_nic\" \/><\/span>\n\t\t<\/p>\n\t\t<div class=\"clear espace10\">\n\t\t<\/div>\n\t<\/div>\n\t<div class=\"store_tva\">\n\t\t<h4>TVA intracommunautaire\n\t\t<\/h4>\n\t\t<p><span class=\"wpcf7-form-control-wrap\" data-name=\"tva_code_pays\"><input size=\"40\" maxlength=\"400\" class=\"wpcf7-form-control wpcf7-text\" id=\"tva_pays\" aria-invalid=\"false\" placeholder=\"Code pays*\" value=\"\" type=\"text\" name=\"tva_code_pays\" \/><\/span><br \/>\n<span class=\"wpcf7-form-control-wrap\" data-name=\"tva_cle\"><input size=\"40\" maxlength=\"400\" class=\"wpcf7-form-control wpcf7-text\" id=\"tva_cle\" aria-invalid=\"false\" placeholder=\"Cl\u00e9*\" value=\"\" type=\"text\" name=\"tva_cle\" \/><\/span><br \/>\n<span class=\"wpcf7-form-control-wrap\" data-name=\"tva_siren\"><input size=\"40\" maxlength=\"400\" class=\"wpcf7-form-control wpcf7-text\" id=\"tva_siren\" aria-invalid=\"false\" placeholder=\"Num\u00e9ro SIREN*\" value=\"\" type=\"text\" name=\"tva_siren\" \/><\/span>\n\t\t<\/p>\n\t\t<div class=\"clear\">\n\t\t<\/div>\n\t<\/div>\n<\/div>\n<div class=\"clear\">\n<\/div>\n<p><span class=\"wpcf7-form-control-wrap\" data-name=\"has_multi_stores\"><span class=\"wpcf7-form-control wpcf7-checkbox\" id=\"has_multi_stores\"><span class=\"wpcf7-list-item first last\"><label><input type=\"checkbox\" name=\"has_multi_stores[]\" value=\"J\u2019ai plusieurs sites DS\" \/><span class=\"wpcf7-list-item-label\">J\u2019ai plusieurs sites DS<\/span><\/label><\/span><\/span><\/span><small style=\"margin-left: 30px;\">un player doit \u00eatre install\u00e9 dans chaque DS Store<\/small>\n<\/p>\n<div id=\"extra_stores\">\n<\/div>\n<h3 class=\"pink\"><span>Coordonn\u00e9es de la personne r\u00e9f\u00e9rente<\/span>\n<\/h3>\n<p><span class=\"wpcf7-form-control-wrap\" data-name=\"referent_nom\"><input size=\"40\" maxlength=\"400\" class=\"wpcf7-form-control wpcf7-text\" aria-invalid=\"false\" placeholder=\"Pr\u00e9nom et Nom*\" value=\"\" type=\"text\" name=\"referent_nom\" \/><\/span><br \/>\n<span class=\"wpcf7-form-control-wrap\" data-name=\"referent_fonction\"><input size=\"40\" maxlength=\"400\" class=\"wpcf7-form-control wpcf7-text\" aria-invalid=\"false\" placeholder=\"Fonction*\" value=\"\" type=\"text\" name=\"referent_fonction\" \/><\/span><br \/>\n<span class=\"wpcf7-form-control-wrap\" data-name=\"referent_email\"><input size=\"40\" maxlength=\"400\" class=\"wpcf7-form-control wpcf7-email wpcf7-text wpcf7-validates-as-email\" aria-invalid=\"false\" placeholder=\"Adresse email*\" value=\"\" type=\"email\" name=\"referent_email\" \/><\/span><br \/>\n<span class=\"wpcf7-form-control-wrap\" data-name=\"referent_telephone_fixe_prefix\"><input size=\"40\" maxlength=\"400\" class=\"wpcf7-form-control wpcf7-text prefix\" aria-invalid=\"false\" value=\"+33\" type=\"text\" name=\"referent_telephone_fixe_prefix\" \/><\/span><span class=\"wpcf7-form-control-wrap\" data-name=\"referent_telephone_fixe\"><input size=\"40\" maxlength=\"400\" class=\"wpcf7-form-control wpcf7-text phonePart\" aria-invalid=\"false\" placeholder=\"T\u00e9l\u00e9phone fixe\" value=\"\" type=\"text\" name=\"referent_telephone_fixe\" \/><\/span><br \/>\n<span class=\"wpcf7-form-control-wrap\" data-name=\"referent_telephone_mobile_prefix\"><input size=\"40\" maxlength=\"400\" class=\"wpcf7-form-control wpcf7-text prefix\" aria-invalid=\"false\" value=\"+33\" type=\"text\" name=\"referent_telephone_mobile_prefix\" \/><\/span><span class=\"wpcf7-form-control-wrap\" data-name=\"referent_telephone_mobile\"><input size=\"40\" maxlength=\"400\" class=\"wpcf7-form-control wpcf7-text phonePart\" aria-invalid=\"false\" placeholder=\"T\u00e9l\u00e9phone portable\" value=\"\" type=\"text\" name=\"referent_telephone_mobile\" \/><\/span>\n<\/p>\n<div class=\"clear\">\n<\/div>\n<p><small>indiquez au moins un num\u00e9ro de t\u00e9l\u00e9phone*<\/small>\n<\/p>\n<h3 class=\"blue\"><span>Pr\u00e9-requis pour la configuration de votre player<br \/>\n<small>Quelle est votre r\u00e8gle d\u2019adressage, statique ou dynamique (DHCP) :<\/small><span><\/span><\/span>\n<\/h3>\n<p><span class=\"wpcf7-form-control-wrap\" data-name=\"adressage\"><span class=\"wpcf7-form-control wpcf7-radio\" id=\"adressage\"><span class=\"wpcf7-list-item first\"><label><input type=\"radio\" name=\"adressage\" value=\"l\u2019adressage est dynamique \u2013 DHCP\" \/><span class=\"wpcf7-list-item-label\">l\u2019adressage est dynamique \u2013 DHCP<\/span><\/label><\/span><span class=\"wpcf7-list-item last\"><label><input type=\"radio\" name=\"adressage\" value=\"l\u2019adressage est statique\" \/><span class=\"wpcf7-list-item-label\">l\u2019adressage est statique<\/span><\/label><\/span><\/span><\/span>\n<\/p>\n<div class=\"conditional\" data-key=\"adressage\" data-value=\"l\u2019adressage est statique\">\n\t<p><span class=\"wpcf7-form-control-wrap\" data-name=\"adressage_statique_ip\"><input size=\"40\" maxlength=\"400\" class=\"wpcf7-form-control wpcf7-text\" aria-invalid=\"false\" placeholder=\"L&#039;adresse IP \u00e0 utiliser*\" value=\"\" type=\"text\" name=\"adressage_statique_ip\" \/><\/span><br \/>\n<span class=\"wpcf7-form-control-wrap\" data-name=\"adressage_statique_masque\"><input size=\"40\" maxlength=\"400\" class=\"wpcf7-form-control wpcf7-text\" aria-invalid=\"false\" placeholder=\"Le masque de sous-r\u00e9seau*\" value=\"\" type=\"text\" name=\"adressage_statique_masque\" \/><\/span><br \/>\n<span class=\"wpcf7-form-control-wrap\" data-name=\"adressage_statique_adresse\"><input size=\"40\" maxlength=\"400\" class=\"wpcf7-form-control wpcf7-text\" aria-invalid=\"false\" placeholder=\"L&#039;adresse de la passerelle*\" value=\"\" type=\"text\" name=\"adressage_statique_adresse\" \/><\/span><br \/>\n<span class=\"wpcf7-form-control-wrap\" data-name=\"adressage_statique_dns\"><input size=\"40\" maxlength=\"400\" class=\"wpcf7-form-control wpcf7-text\" aria-invalid=\"false\" placeholder=\"DNS*\" value=\"\" type=\"text\" name=\"adressage_statique_dns\" \/><\/span>\n\t<\/p>\n<\/div>\n<hr \/>\n<h4 style=\"margin-top: 0;\">Merci de bien vouloir nous communiquer le nom de la personne en charge de l'information et du r\u00e9seau de votre DS Store. Nous nous occuperons de les contacter afin de bien formater le player.\n<\/h4>\n<p><span class=\"wpcf7-form-control-wrap\" data-name=\"responsable_reseau_nom\"><input size=\"40\" maxlength=\"400\" class=\"wpcf7-form-control wpcf7-text\" aria-invalid=\"false\" placeholder=\"Nom Pr\u00e9nom*\" value=\"\" type=\"text\" name=\"responsable_reseau_nom\" \/><\/span><br \/>\n<span class=\"wpcf7-form-control-wrap\" data-name=\"responsable_reseau_telephone\"><input size=\"40\" maxlength=\"400\" class=\"wpcf7-form-control wpcf7-text\" aria-invalid=\"false\" placeholder=\"T\u00e9l\u00e9phone direct*\" value=\"\" type=\"text\" name=\"responsable_reseau_telephone\" \/><\/span><br \/>\n<span class=\"wpcf7-form-control-wrap\" data-name=\"responsable_reseau_email\"><input size=\"40\" maxlength=\"400\" class=\"wpcf7-form-control wpcf7-text\" aria-invalid=\"false\" placeholder=\"Adresse email*\" value=\"\" type=\"text\" name=\"responsable_reseau_email\" \/><\/span>\n<\/p>\n<hr \/>\n<p><span class=\"wpcf7-form-control-wrap\" data-name=\"horaires_store\"><textarea cols=\"40\" rows=\"10\" maxlength=\"2000\" class=\"wpcf7-form-control wpcf7-textarea\" aria-invalid=\"false\" placeholder=\"Horaires du DS Store*\" name=\"horaires_store\"><\/textarea><\/span>\n<\/p>\n<div class=\"espace30\">\n<\/div>\n\n<p><input class=\"wpcf7-form-control wpcf7-submit has-spinner\" type=\"submit\" value=\"Confirmer l&#039;inscription\" \/>\n<\/p><div class=\"wpcf7-response-output\" aria-hidden=\"true\"><\/div>\n<\/form>\n<\/div>\n<\/p>\n<p><div class=\"clear\"><\/div><\/section><\/div><section class=\"pageInner\">\n","protected":false},"excerpt":{"rendered":"","protected":false},"author":1,"featured_media":0,"parent":0,"menu_order":0,"comment_status":"closed","ping_status":"closed","template":"page-register.php","meta":{"footnotes":""},"class_list":["post-38","page","type-page","status-publish","hentry"],"_links":{"self":[{"href":"https:\/\/ds.sixiemeson.com\/fr\/wp-json\/wp\/v2\/pages\/38","targetHints":{"allow":["GET"]}}],"collection":[{"href":"https:\/\/ds.sixiemeson.com\/fr\/wp-json\/wp\/v2\/pages"}],"about":[{"href":"https:\/\/ds.sixiemeson.com\/fr\/wp-json\/wp\/v2\/types\/page"}],"author":[{"embeddable":true,"href":"https:\/\/ds.sixiemeson.com\/fr\/wp-json\/wp\/v2\/users\/1"}],"replies":[{"embeddable":true,"href":"https:\/\/ds.sixiemeson.com\/fr\/wp-json\/wp\/v2\/comments?post=38"}],"version-history":[{"count":7,"href":"https:\/\/ds.sixiemeson.com\/fr\/wp-json\/wp\/v2\/pages\/38\/revisions"}],"predecessor-version":[{"id":68,"href":"https:\/\/ds.sixiemeson.com\/fr\/wp-json\/wp\/v2\/pages\/38\/revisions\/68"}],"wp:attachment":[{"href":"https:\/\/ds.sixiemeson.com\/fr\/wp-json\/wp\/v2\/media?parent=38"}],"curies":[{"name":"wp","href":"https:\/\/api.w.org\/{rel}","templated":true}]}}