{"id":14,"date":"2015-10-09T11:25:03","date_gmt":"2015-10-09T10:25:03","guid":{"rendered":"http:\/\/sixiemeson-ds.com\/fr\/?page_id=14"},"modified":"2025-05-22T15:43:43","modified_gmt":"2025-05-22T14:43:43","slug":"accueil","status":"publish","type":"page","link":"https:\/\/ds.sixiemeson.com\/fr\/","title":{"rendered":"S&rsquo;abonner"},"content":{"rendered":"<\/section><header class=\"pageHead \"><div class=\"pageInner\"><\/p>\n<h1>CHER <strong>DS STORE<\/strong>,<\/h1>\n<p>Vous souhaitez vous abonner au programme de sonorisation propos\u00e9 par DS en<br \/>\ncollaboration avec Sixi\u00e8me Son. La d\u00e9marche est simple et rapide :<\/p>\n<p><\/div><\/header><section class=\"pageInner\">\n<\/section><div class=\"pagePart whiteBg \"><section class=\"pageInner\"><\/p>\n<div style=\"position: relative; top: -20px;\"><a href=\"http:\/\/ds.sixiemeson.com\/en\/sabonner\/\" class=\"button goBlue  medium \">S\u2019ABONNER<i class=\"pGo\"><\/i><\/a><\/div>\n<p><ul id=\"\" class=\"columns \"><\/p>\n<p><li class=\"\"><\/p>\n<table>\n<tbody>\n<tr>\n<td style=\"text-align: center;\" colspan=\"2\"><img loading=\"lazy\" decoding=\"async\" class=\"size-full wp-image-19 aligncenter\" src=\"http:\/\/sixiemeson-ds.com\/wp-content\/uploads\/2015\/10\/step1.png\" alt=\"step1\" width=\"116\" height=\"95\" srcset=\"https:\/\/ds.sixiemeson.com\/wp-content\/uploads\/2015\/10\/step1.png 116w, https:\/\/ds.sixiemeson.com\/wp-content\/uploads\/2015\/10\/step1-100x82.png 100w\" sizes=\"auto, (max-width: 116px) 100vw, 116px\" \/><\/td>\n<\/tr>\n<tr>\n<td><div class=\"number \">1<\/div><\/td>\n<td>Je m&rsquo;inscris en ligne et<br \/>\nre\u00e7ois un devis\u00a0par mail<\/td>\n<\/tr>\n<\/tbody>\n<\/table>\n<p><\/li><\/p>\n<p><li class=\"\"><\/p>\n<table>\n<tbody>\n<tr>\n<td style=\"text-align: center;\" colspan=\"2\"><img loading=\"lazy\" decoding=\"async\" class=\"alignnone size-medium wp-image-21 aligncenter\" src=\"http:\/\/sixiemeson-ds.com\/wp-content\/uploads\/2015\/10\/step2.png\" alt=\"step2\" width=\"83\" height=\"91\" \/><\/td>\n<\/tr>\n<tr>\n<td><div class=\"number \">2<\/div><\/td>\n<td>D\u00e8s r\u00e9ception du<br \/>\nbon de commande\u00a0je re\u00e7ois\u00a0mon player<\/td>\n<\/tr>\n<\/tbody>\n<\/table>\n<p><\/li><\/p>\n<p><li class=\"\"><\/p>\n<table>\n<tbody>\n<tr>\n<td style=\"text-align: center;\" colspan=\"2\"><img loading=\"lazy\" decoding=\"async\" class=\"alignnone size-full wp-image-15 aligncenter\" src=\"http:\/\/sixiemeson-ds.com\/wp-content\/uploads\/2015\/10\/step3.png\" alt=\"step3\" width=\"72\" height=\"90\" \/><\/td>\n<\/tr>\n<tr>\n<td><div class=\"number \">3<\/div><\/td>\n<td>J\u2019installe mon player<br \/>\ngr\u00e2ce au guide<br \/>\nd\u2019installation<\/td>\n<\/tr>\n<\/tbody>\n<\/table>\n<p><\/li><\/p>\n<p><li class=\"\"><\/p>\n<table>\n<tbody>\n<tr>\n<td style=\"text-align: center;\" colspan=\"2\"><img loading=\"lazy\" decoding=\"async\" class=\"alignnone size-medium wp-image-17 aligncenter\" src=\"http:\/\/sixiemeson-ds.com\/wp-content\/uploads\/2015\/10\/step4.png\" alt=\"step4\" width=\"119\" height=\"90\" srcset=\"https:\/\/ds.sixiemeson.com\/wp-content\/uploads\/2015\/10\/step4.png 119w, https:\/\/ds.sixiemeson.com\/wp-content\/uploads\/2015\/10\/step4-100x76.png 100w\" sizes=\"auto, (max-width: 119px) 100vw, 119px\" \/><\/td>\n<\/tr>\n<tr>\n<td><div class=\"number \">4<\/div><\/td>\n<td>Je diffuse la musique<br \/>\nDS dans mon DS Store<\/td>\n<\/tr>\n<\/tbody>\n<\/table>\n<p><\/li><\/p>\n<p><\/ul><div class=\"clear\"><\/div><\/p>\n<p><div class=\"clear\"><\/div><\/section><\/div><section class=\"pageInner\">\n<\/section><div class=\"pagePart whiteBg \"><section class=\"pageInner\"><\/p>\n<p><img loading=\"lazy\" decoding=\"async\" class=\"alignnone size-full wp-image-57\" src=\"http:\/\/sixiemeson-ds.com\/wp-content\/uploads\/2015\/10\/warning.png\" alt=\"warning\" width=\"108\" height=\"99\" \/><\/p>\n<p>&nbsp;<\/p>\n<p style=\"text-align: center;\"><span style=\"color: #e20372; font-size: 20px;\">Avant de proc\u00e9der \u00e0 votre inscription, assurez-vous que votre DS Store remplit les pr\u00e9-requis n\u00e9cessaires au bon d\u00e9roul\u00e9 de votre installation et munissez-vous des informations pour l&rsquo;adressage de votre player.<\/span><\/p>\n<p style=\"text-align: center;\">Retrouvez le d\u00e9tail des pr\u00e9-requis sur <a href=\"\/DS\/faq\">notre FAQ<\/a>\u00a0et <a href=\"http:\/\/ds.sixiemeson.com\/fr\/loffre\/\">le d\u00e9tail de l&rsquo;offre<\/a><\/p>\n<p>&nbsp;<\/p>\n<p style=\"text-align: center;\"><a href=\"http:\/\/ds.sixiemeson.com\/fr\/sabonner\/\" class=\"button goBlue  medium \">S\u2019ABONNER<i class=\"pGo\"><\/i><\/a><\/p>\n<p><div class=\"clear\"><\/div><\/section><\/div><section class=\"pageInner\">\n","protected":false},"excerpt":{"rendered":"","protected":false},"author":1,"featured_media":0,"parent":0,"menu_order":0,"comment_status":"closed","ping_status":"closed","template":"","meta":{"footnotes":""},"class_list":["post-14","page","type-page","status-publish","hentry"],"_links":{"self":[{"href":"https:\/\/ds.sixiemeson.com\/fr\/wp-json\/wp\/v2\/pages\/14","targetHints":{"allow":["GET"]}}],"collection":[{"href":"https:\/\/ds.sixiemeson.com\/fr\/wp-json\/wp\/v2\/pages"}],"about":[{"href":"https:\/\/ds.sixiemeson.com\/fr\/wp-json\/wp\/v2\/types\/page"}],"author":[{"embeddable":true,"href":"https:\/\/ds.sixiemeson.com\/fr\/wp-json\/wp\/v2\/users\/1"}],"replies":[{"embeddable":true,"href":"https:\/\/ds.sixiemeson.com\/fr\/wp-json\/wp\/v2\/comments?post=14"}],"version-history":[{"count":48,"href":"https:\/\/ds.sixiemeson.com\/fr\/wp-json\/wp\/v2\/pages\/14\/revisions"}],"predecessor-version":[{"id":363,"href":"https:\/\/ds.sixiemeson.com\/fr\/wp-json\/wp\/v2\/pages\/14\/revisions\/363"}],"wp:attachment":[{"href":"https:\/\/ds.sixiemeson.com\/fr\/wp-json\/wp\/v2\/media?parent=14"}],"curies":[{"name":"wp","href":"https:\/\/api.w.org\/{rel}","templated":true}]}}