{"id":103,"date":"2015-10-22T09:19:21","date_gmt":"2015-10-22T08:19:21","guid":{"rendered":"http:\/\/ds.sixiemeson.com\/fr\/?page_id=103"},"modified":"2025-05-22T15:44:19","modified_gmt":"2025-05-22T14:44:19","slug":"loffre","status":"publish","type":"page","link":"https:\/\/ds.sixiemeson.com\/fr\/loffre\/","title":{"rendered":"L&rsquo;offre"},"content":{"rendered":"<\/section><header class=\"pageHead \"><div class=\"pageInner\"><\/p>\n<h1>D\u00c9COUVREZ <strong>L&rsquo;offre<\/strong><\/h1>\n<p><\/div><\/header><section class=\"pageInner\">\n<\/section><div class=\"pagePart whiteBg \"><section class=\"pageInner\"><\/p>\n<h2>Pour rappel, votre abonnement comprend*:<\/h2>\n<p><img loading=\"lazy\" decoding=\"async\" class=\"wp-image-44 size-full aligncenter\" src=\"http:\/\/ds.sixiemeson.com\/wp-content\/uploads\/2020\/07\/abonnement_500titres_FR.png\" alt=\"abonnement\" width=\"670\" height=\"190\" \/><\/p>\n<p><div class=\"cost\"><span>Co\u00fbt initial\u00a0: 900\u20ac HT<\/span><\/div><\/p>\n<p><div class=\"clear\"><\/div><\/section><\/div><section class=\"pageInner\">\n<\/section><div class=\"pagePart green \"><section class=\"pageInner\"><\/p>\n<h3>LES ANN\u00c9ES SUIVANTES VOUS RECEVEZ\u00a0:<\/h3>\n<p style=\"text-align: center;\"><img loading=\"lazy\" decoding=\"async\" class=\"alignnone wp-image-45 size-full\" src=\"http:\/\/ds.sixiemeson.com\/wp-content\/uploads\/2020\/07\/annees_suivantes_FR.png\" alt=\"\" width=\"755\" height=\"117\" \/><\/p>\n<p><div class=\"cost\"><span>Co\u00fbt annuel : 400\u20ac HT<\/span><\/div><\/p>\n<p><div class=\"small\">*engagement de 24 mois \u00e0 compter de votre inscription<\/div><\/p>\n<p><div class=\"clear\"><\/div><\/section><\/div><section class=\"pageInner\">\n<\/section><div class=\"pagePart white noMargin\"><section class=\"pageInner\"><\/p>\n<p><ul id=\"\" class=\"columns \"><\/p>\n<p><li class=\"\"><\/p>\n<p>&nbsp;<\/p>\n<h2 style=\"padding-top: 26px;\">\u00c9coutez l&rsquo;ambiance musicale DS<\/h2>\n<p><\/li><\/p>\n<p><li class=\"\"><\/p>\n<p><iframe loading=\"lazy\" src=\"https:\/\/w.soundcloud.com\/player\/?url=https%3A\/\/api.soundcloud.com\/tracks\/1460540533%3Fsecret_token%3Ds-vqmLOpM5UPN&amp;color=%23e31c79&amp;auto_play=false&amp;hide_related=true&amp;show_comments=false&amp;show_user=true&amp;show_reposts=false&amp;show_teaser=true&amp;visual=true\" width=\"100%\" height=\"300\" frameborder=\"no\" scrolling=\"no\" data-mce-fragment=\"1\"><\/iframe><\/p>\n<p><\/li><\/p>\n<p><\/ul><div class=\"clear\"><\/div><\/p>\n<p><div class=\"clear\"><\/div><\/section><\/div><section class=\"pageInner\">\n<\/section><div class=\"pagePart whiteBg \"><section class=\"pageInner\"><\/p>\n<p><img loading=\"lazy\" decoding=\"async\" class=\"alignnone size-full wp-image-57\" src=\"http:\/\/sixiemeson-ds.com\/wp-content\/uploads\/2015\/10\/warning.png\" alt=\"warning\" width=\"108\" height=\"99\" \/><\/p>\n<p style=\"text-align: center;\"><span style=\"color: #e20372; font-size: 20px;\">Avant de proc\u00e9der \u00e0 votre inscription, assurez-vous que votre DS Store remplit les pr\u00e9-requis n\u00e9cessaires au bon d\u00e9roul\u00e9 de votre installation et munissez-vous des informations pour l&rsquo;adressage de votre player.<\/span><\/p>\n<p style=\"text-align: center;\">Retrouvez le d\u00e9tail des pr\u00e9-requis sur\u00a0<a href=\"\/DS\/faq\">notre FAQ<\/a><\/p>\n<p style=\"text-align: center;\"><a href=\"http:\/\/sixiemeson-ds.com\/fr\/sabonner\/\" class=\"button goBlue  medium \">S\u2019ABONNER<i class=\"pGo\"><\/i><\/a><\/p>\n<p><div class=\"clear\"><\/div><\/section><\/div><section class=\"pageInner\">\n","protected":false},"excerpt":{"rendered":"","protected":false},"author":2,"featured_media":0,"parent":0,"menu_order":0,"comment_status":"closed","ping_status":"closed","template":"page-offer.php","meta":{"footnotes":""},"class_list":["post-103","page","type-page","status-publish","hentry"],"_links":{"self":[{"href":"https:\/\/ds.sixiemeson.com\/fr\/wp-json\/wp\/v2\/pages\/103","targetHints":{"allow":["GET"]}}],"collection":[{"href":"https:\/\/ds.sixiemeson.com\/fr\/wp-json\/wp\/v2\/pages"}],"about":[{"href":"https:\/\/ds.sixiemeson.com\/fr\/wp-json\/wp\/v2\/types\/page"}],"author":[{"embeddable":true,"href":"https:\/\/ds.sixiemeson.com\/fr\/wp-json\/wp\/v2\/users\/2"}],"replies":[{"embeddable":true,"href":"https:\/\/ds.sixiemeson.com\/fr\/wp-json\/wp\/v2\/comments?post=103"}],"version-history":[{"count":34,"href":"https:\/\/ds.sixiemeson.com\/fr\/wp-json\/wp\/v2\/pages\/103\/revisions"}],"predecessor-version":[{"id":374,"href":"https:\/\/ds.sixiemeson.com\/fr\/wp-json\/wp\/v2\/pages\/103\/revisions\/374"}],"wp:attachment":[{"href":"https:\/\/ds.sixiemeson.com\/fr\/wp-json\/wp\/v2\/media?parent=103"}],"curies":[{"name":"wp","href":"https:\/\/api.w.org\/{rel}","templated":true}]}}